{"id":5270,"date":"2017-02-24T16:12:45","date_gmt":"2017-02-24T15:12:45","guid":{"rendered":"https:\/\/www.illuminens.com\/?page_id=5270"},"modified":"2026-04-17T16:15:56","modified_gmt":"2026-04-17T14:15:56","slug":"web-design","status":"publish","type":"page","link":"https:\/\/www.illuminens.com\/en\/web-design\/","title":{"rendered":"Web Design"},"content":{"rendered":"<div class=\"wpb-content-wrapper\"><p>[vc_row row_height_percent=&#8221;0&#8243; override_padding=&#8221;yes&#8221; h_padding=&#8221;4&#8243; top_padding=&#8221;4&#8243; bottom_padding=&#8221;2&#8243; back_color=&#8221;color-115524&#8243; overlay_alpha=&#8221;50&#8243; gutter_size=&#8221;4&#8243; column_width_percent=&#8221;100&#8243; shift_y=&#8221;0&#8243; z_index=&#8221;0&#8243; content_parallax=&#8221;0&#8243; css=&#8221;.vc_custom_1772880339831{padding-right: 8% !important;padding-left: 8% !important;}&#8221; row_name=&#8221;introwebdesign&#8221; uncode_shortcode_id=&#8221;196951&#8243; back_color_type=&#8221;uncode-palette&#8221;][vc_column column_width_percent=&#8221;100&#8243; position_horizontal=&#8221;left&#8221; gutter_size=&#8221;3&#8243; override_padding=&#8221;yes&#8221; column_padding=&#8221;0&#8243; overlay_alpha=&#8221;50&#8243; shift_x=&#8221;0&#8243; shift_y=&#8221;0&#8243; shift_y_down=&#8221;0&#8243; z_index=&#8221;0&#8243; medium_width=&#8221;0&#8243; mobile_width=&#8221;0&#8243; width=&#8221;1\/1&#8243; uncode_shortcode_id=&#8221;205417&#8243;][vc_custom_heading heading_semantic=&#8221;h1&#8243; text_size=&#8221;h3&#8243; uncode_shortcode_id=&#8221;155332&#8243;]A website designed by an architect, for architects.[\/vc_custom_heading][\/vc_column][\/vc_row][vc_row row_height_percent=&#8221;0&#8243; override_padding=&#8221;yes&#8221; h_padding=&#8221;4&#8243; top_padding=&#8221;2&#8243; bottom_padding=&#8221;2&#8243; back_color=&#8221;color-115524&#8243; overlay_alpha=&#8221;50&#8243; gutter_size=&#8221;4&#8243; column_width_percent=&#8221;100&#8243; shift_y=&#8221;0&#8243; z_index=&#8221;0&#8243; content_parallax=&#8221;0&#8243; css=&#8221;.vc_custom_1772880348532{padding-right: 8% !important;padding-left: 8% !important;}&#8221; uncode_shortcode_id=&#8221;154497&#8243; back_color_type=&#8221;uncode-palette&#8221; el_class=&#8221;underlinelink&#8221;][vc_column column_width_percent=&#8221;100&#8243; gutter_size=&#8221;0&#8243; override_padding=&#8221;yes&#8221; column_padding=&#8221;0&#8243; overlay_alpha=&#8221;50&#8243; shift_x=&#8221;0&#8243; shift_y=&#8221;0&#8243; shift_y_down=&#8221;0&#8243; z_index=&#8221;0&#8243; medium_width=&#8221;0&#8243; mobile_width=&#8221;0&#8243; width=&#8221;1\/2&#8243; uncode_shortcode_id=&#8221;110787&#8243;][vc_custom_heading heading_semantic=&#8221;h3&#8243; text_size=&#8221;fontsize-118104&#8243; text_weight=&#8221;800&#8243; text_space=&#8221;fontspace-138941&#8243; uncode_shortcode_id=&#8221;108622&#8243;]WHY[\/vc_custom_heading][vc_empty_space empty_h=&#8221;0&#8243;][vc_separator sep_color=&#8221;color-713812&#8243; el_width=&#8221;100%&#8221; el_height=&#8221;2px&#8221; uncode_shortcode_id=&#8221;147430&#8243; sep_color_type=&#8221;uncode-palette&#8221;][vc_empty_space empty_h=&#8221;2&#8243;][vc_column_text uncode_shortcode_id=&#8221;201665&#8243; el_class=&#8221;justify&#8221;]<strong>An architecture website is more than a portfolio of images.<br \/>\nIt should express a design culture, a position, and a particular way of thinking about space.<\/strong><\/p>\n<p>Too often, firm websites are developed by providers who do not fully understand competitions, project phases, or the level of precision required to present a project in a credible way.<br \/>\nYour website should reflect your standards and evolve alongside your practice.<\/p>\n<p><strong>Autonomy &amp; flexibility :<\/strong> Once the site is online, you remain in control. We guide you through the dashboard so you can easily add new projects, update your team, and manage your content independently, without relying on external support.<br \/>\nYour website stays current, adaptable, and aligned with the development of your firm.[\/vc_column_text][\/vc_column][vc_column column_width_percent=&#8221;100&#8243; gutter_size=&#8221;0&#8243; overlay_alpha=&#8221;50&#8243; shift_x=&#8221;0&#8243; shift_y=&#8221;0&#8243; shift_y_down=&#8221;0&#8243; z_index=&#8221;0&#8243; medium_width=&#8221;0&#8243; mobile_width=&#8221;0&#8243; width=&#8221;1\/2&#8243; uncode_shortcode_id=&#8221;301877&#8243; el_class=&#8221;liste-circle&#8221;][vc_custom_heading heading_semantic=&#8221;h3&#8243; text_size=&#8221;fontsize-118104&#8243; text_weight=&#8221;800&#8243; text_space=&#8221;fontspace-138941&#8243; uncode_shortcode_id=&#8221;184397&#8243;]HOW[\/vc_custom_heading][vc_empty_space empty_h=&#8221;0&#8243;][vc_separator sep_color=&#8221;color-713812&#8243; el_width=&#8221;100%&#8221; el_height=&#8221;2px&#8221; uncode_shortcode_id=&#8221;197699&#8243; sep_color_type=&#8221;uncode-palette&#8221;][vc_empty_space empty_h=&#8221;2&#8243;][vc_column_text uncode_shortcode_id=&#8221;827860&#8243; el_class=&#8221;justify&#8221;]<strong>As architects ourselves, we understand the specific expectations of your profession\u00a0:<\/strong><\/p>\n<ul>\n<li><strong>Structuring<\/strong> a coherent body of work<\/li>\n<li><strong>Establishing a clear hierarchy<\/strong> between projects.<\/li>\n<li><strong>Giving equal importance<\/strong> to drawings and visualizations.<\/li>\n<li><strong>Expressing<\/strong> a clear and consistent positioning.<\/li>\n<\/ul>\n<p>Today, more than half of website visits take place on mobile devices. Your website must adapt naturally to all screen sizes and offer a smooth and consistent experience.<br \/>\nWe develop custom WordPress websites using premium themes that provide significant graphic flexibility.<br \/>\nThis technical foundation allows us to focus on clarity, visual coherence, and refined presentation.[\/vc_column_text][\/vc_column][\/vc_row][vc_row row_height_percent=&#8221;0&#8243; override_padding=&#8221;yes&#8221; h_padding=&#8221;4&#8243; top_padding=&#8221;2&#8243; bottom_padding=&#8221;4&#8243; back_color=&#8221;color-115524&#8243; overlay_alpha=&#8221;50&#8243; gutter_size=&#8221;4&#8243; shift_y=&#8221;0&#8243; css=&#8221;.vc_custom_1487955211253{padding-right: 8% !important;padding-left: 8% !important;}&#8221; row_name=&#8221;intrographicdesign&#8221;][vc_column column_width_percent=&#8221;100&#8243; position_horizontal=&#8221;left&#8221; gutter_size=&#8221;3&#8243; override_padding=&#8221;yes&#8221; column_padding=&#8221;0&#8243; overlay_alpha=&#8221;50&#8243; shift_x=&#8221;0&#8243; shift_y=&#8221;0&#8243; shift_y_down=&#8221;0&#8243; z_index=&#8221;0&#8243; medium_width=&#8221;0&#8243; mobile_width=&#8221;0&#8243; width=&#8221;1\/1&#8243; uncode_shortcode_id=&#8221;168399&#8243;][vc_custom_heading heading_semantic=&#8221;p&#8221; text_size=&#8221;h3&#8243; uncode_shortcode_id=&#8221;867608&#8243;]We also pay particular attention to search engine optimization to support your firm\u2019s visibility. And as your needs evolve, we remain available to adapt and develop your platform further.[\/vc_custom_heading][\/vc_column][\/vc_row][vc_row unlock_row_content=&#8221;yes&#8221; row_height_percent=&#8221;0&#8243; override_padding=&#8221;yes&#8221; h_padding=&#8221;0&#8243; top_padding=&#8221;0&#8243; bottom_padding=&#8221;0&#8243; back_color=&#8221;color-863801&#8243; overlay_alpha=&#8221;50&#8243; gutter_size=&#8221;3&#8243; shift_y=&#8221;0&#8243;][vc_column column_width_percent=&#8221;100&#8243; gutter_size=&#8221;3&#8243; overlay_alpha=&#8221;50&#8243; shift_x=&#8221;0&#8243; shift_y=&#8221;0&#8243; z_index=&#8221;0&#8243; medium_width=&#8221;7&#8243; width=&#8221;1\/1&#8243;][uncode_index el_id=&#8221;index-395303&#8243; loop=&#8221;size:All|order_by:menu_order|order:DESC|post_type:portfolio|tax_query:158|taxonomy_count:10&#8243; screen_lg=&#8221;1600&#8243; screen_md=&#8221;800&#8243; screen_sm=&#8221;600&#8243; gutter_size=&#8221;0&#8243; portfolio_items=&#8221;title,media|featured|onpost|original&#8221; single_text=&#8221;overlay&#8221; single_overlay_color=&#8221;color-jevc&#8221; single_overlay_opacity=&#8221;50&#8243; single_text_anim_type=&#8221;btt&#8221; single_image_anim=&#8221;no&#8221; single_h_align=&#8221;center&#8221; single_h_align_mobile=&#8221;center&#8221; single_padding=&#8221;2&#8243; single_title_dimension=&#8221;h5&#8243; single_border=&#8221;yes&#8221; single_css_animation=&#8221;bottom-t-top&#8221; items=&#8221;eyIxMzM5X2kiOnsic2luZ2xlX2ljb24iOiJmYSBmYS1zZWFyY2gzIiwic2luZ2xlX3dpZHRoIjoiOCIsInNpbmdsZV9oZWlnaHQiOiI2In0sIjExOTVfaSI6eyJzaW5nbGVfaWNvbiI6ImZhIGZhLXNlYXJjaDMiLCJzaW5nbGVfd2lkdGgiOiI4Iiwic2luZ2xlX2hlaWdodCI6IjYifSwiMTQxMV9pIjp7InNpbmdsZV9pY29uIjoiZmEgZmEtc2VhcmNoMyIsInNpbmdsZV93aWR0aCI6IjgiLCJzaW5nbGVfaGVpZ2h0IjoiNiJ9LCIxMjQ0X2kiOnsic2luZ2xlX2ljb24iOiJmYSBmYS1zZWFyY2gzIiwic2luZ2xlX3dpZHRoIjoiOCIsInNpbmdsZV9oZWlnaHQiOiI2In19&#8243; order_ids=&#8221;1810,1841,1778,1762,1799&#8243; uncode_shortcode_id=&#8221;137459&#8243;][\/vc_column][\/vc_row]<\/p>\n<\/div>","protected":false},"excerpt":{"rendered":"<p>[vc_row row_height_percent=&#8221;0&#8243; override_padding=&#8221;yes&#8221; h_padding=&#8221;4&#8243; top_padding=&#8221;4&#8243; bottom_padding=&#8221;2&#8243; back_color=&#8221;color-115524&#8243; overlay_alpha=&#8221;50&#8243; gutter_size=&#8221;4&#8243; column_width_percent=&#8221;100&#8243; shift_y=&#8221;0&#8243; z_index=&#8221;0&#8243; content_parallax=&#8221;0&#8243; css=&#8221;.vc_custom_1772880339831{padding-right: 8% !important;padding-left: 8% !important;}&#8221; row_name=&#8221;introwebdesign&#8221; uncode_shortcode_id=&#8221;196951&#8243; [&hellip;]<\/p>\n","protected":false},"author":4,"featured_media":0,"parent":0,"menu_order":0,"comment_status":"closed","ping_status":"closed","template":"","meta":{"footnotes":""},"class_list":["post-5270","page","type-page","status-publish","hentry"],"yoast_head":"<!-- This site is optimized with the Yoast SEO plugin v27.5 - https:\/\/yoast.com\/product\/yoast-seo-wordpress\/ -->\n<title>ILLUMINENS | Web Design<\/title>\n<meta name=\"description\" content=\"Discover the importance of modern web design for a dynamic and responsive website, adapted to all devices.\" \/>\n<meta name=\"robots\" content=\"index, follow, max-snippet:-1, max-image-preview:large, max-video-preview:-1\" \/>\n<link rel=\"canonical\" href=\"https:\/\/www.illuminens.com\/en\/web-design\/\" \/>\n<meta property=\"og:locale\" content=\"en_US\" \/>\n<meta property=\"og:type\" content=\"article\" \/>\n<meta property=\"og:title\" content=\"ILLUMINENS | Web Design\" \/>\n<meta property=\"og:description\" content=\"Discover the importance of modern web design for a dynamic and responsive website, adapted to all devices.\" \/>\n<meta property=\"og:url\" content=\"https:\/\/www.illuminens.com\/en\/web-design\/\" \/>\n<meta property=\"og:site_name\" content=\"ILLUMINENS\" \/>\n<meta property=\"article:publisher\" content=\"https:\/\/www.facebook.com\/illuminens\" \/>\n<meta property=\"article:modified_time\" content=\"2026-04-17T14:15:56+00:00\" \/>\n<meta name=\"twitter:card\" content=\"summary_large_image\" \/>\n<meta name=\"twitter:label1\" content=\"Est. reading time\" \/>\n\t<meta name=\"twitter:data1\" content=\"3 minutes\" \/>\n<script type=\"application\/ld+json\" class=\"yoast-schema-graph\">{\"@context\":\"https:\\\/\\\/schema.org\",\"@graph\":[{\"@type\":\"WebPage\",\"@id\":\"https:\\\/\\\/www.illuminens.com\\\/en\\\/web-design\\\/\",\"url\":\"https:\\\/\\\/www.illuminens.com\\\/en\\\/web-design\\\/\",\"name\":\"ILLUMINENS | Web Design\",\"isPartOf\":{\"@id\":\"https:\\\/\\\/www.illuminens.com\\\/en\\\/#website\"},\"datePublished\":\"2017-02-24T15:12:45+00:00\",\"dateModified\":\"2026-04-17T14:15:56+00:00\",\"description\":\"Discover the importance of modern web design for a dynamic and responsive website, adapted to all devices.\",\"breadcrumb\":{\"@id\":\"https:\\\/\\\/www.illuminens.com\\\/en\\\/web-design\\\/#breadcrumb\"},\"inLanguage\":\"en-US\",\"potentialAction\":[{\"@type\":\"ReadAction\",\"target\":[\"https:\\\/\\\/www.illuminens.com\\\/en\\\/web-design\\\/\"]}]},{\"@type\":\"BreadcrumbList\",\"@id\":\"https:\\\/\\\/www.illuminens.com\\\/en\\\/web-design\\\/#breadcrumb\",\"itemListElement\":[{\"@type\":\"ListItem\",\"position\":1,\"name\":\"Accueil\",\"item\":\"https:\\\/\\\/www.illuminens.com\\\/en\\\/\"},{\"@type\":\"ListItem\",\"position\":2,\"name\":\"Web Design\"}]},{\"@type\":\"WebSite\",\"@id\":\"https:\\\/\\\/www.illuminens.com\\\/en\\\/#website\",\"url\":\"https:\\\/\\\/www.illuminens.com\\\/en\\\/\",\"name\":\"ILLUMINENS\",\"description\":\"ILLUMINENS est un studio de cr\u00e9ation visuel bas\u00e9 \u00e0 Paris\u00a0| Perspective Architecture | Image Architecture | Architecture Images | Architecture Pictures\",\"publisher\":{\"@id\":\"https:\\\/\\\/www.illuminens.com\\\/en\\\/#organization\"},\"potentialAction\":[{\"@type\":\"SearchAction\",\"target\":{\"@type\":\"EntryPoint\",\"urlTemplate\":\"https:\\\/\\\/www.illuminens.com\\\/en\\\/?s={search_term_string}\"},\"query-input\":{\"@type\":\"PropertyValueSpecification\",\"valueRequired\":true,\"valueName\":\"search_term_string\"}}],\"inLanguage\":\"en-US\"},{\"@type\":\"Organization\",\"@id\":\"https:\\\/\\\/www.illuminens.com\\\/en\\\/#organization\",\"name\":\"ILLUMINENS\",\"url\":\"https:\\\/\\\/www.illuminens.com\\\/en\\\/\",\"logo\":{\"@type\":\"ImageObject\",\"inLanguage\":\"en-US\",\"@id\":\"https:\\\/\\\/www.illuminens.com\\\/en\\\/#\\\/schema\\\/logo\\\/image\\\/\",\"url\":\"https:\\\/\\\/www.illuminens.com\\\/wp-content\\\/uploads\\\/Illuminens-logo-v3.png\",\"contentUrl\":\"https:\\\/\\\/www.illuminens.com\\\/wp-content\\\/uploads\\\/Illuminens-logo-v3.png\",\"width\":330,\"height\":80,\"caption\":\"ILLUMINENS\"},\"image\":{\"@id\":\"https:\\\/\\\/www.illuminens.com\\\/en\\\/#\\\/schema\\\/logo\\\/image\\\/\"},\"sameAs\":[\"https:\\\/\\\/www.facebook.com\\\/illuminens\",\"https:\\\/\\\/www.linkedin.com\\\/in\\\/julienbenezet\\\/\"]}]}<\/script>\n<!-- \/ Yoast SEO plugin. -->","yoast_head_json":{"title":"ILLUMINENS | Web Design","description":"Discover the importance of modern web design for a dynamic and responsive website, adapted to all devices.","robots":{"index":"index","follow":"follow","max-snippet":"max-snippet:-1","max-image-preview":"max-image-preview:large","max-video-preview":"max-video-preview:-1"},"canonical":"https:\/\/www.illuminens.com\/en\/web-design\/","og_locale":"en_US","og_type":"article","og_title":"ILLUMINENS | Web Design","og_description":"Discover the importance of modern web design for a dynamic and responsive website, adapted to all devices.","og_url":"https:\/\/www.illuminens.com\/en\/web-design\/","og_site_name":"ILLUMINENS","article_publisher":"https:\/\/www.facebook.com\/illuminens","article_modified_time":"2026-04-17T14:15:56+00:00","twitter_card":"summary_large_image","twitter_misc":{"Est. reading time":"3 minutes"},"schema":{"@context":"https:\/\/schema.org","@graph":[{"@type":"WebPage","@id":"https:\/\/www.illuminens.com\/en\/web-design\/","url":"https:\/\/www.illuminens.com\/en\/web-design\/","name":"ILLUMINENS | Web Design","isPartOf":{"@id":"https:\/\/www.illuminens.com\/en\/#website"},"datePublished":"2017-02-24T15:12:45+00:00","dateModified":"2026-04-17T14:15:56+00:00","description":"Discover the importance of modern web design for a dynamic and responsive website, adapted to all devices.","breadcrumb":{"@id":"https:\/\/www.illuminens.com\/en\/web-design\/#breadcrumb"},"inLanguage":"en-US","potentialAction":[{"@type":"ReadAction","target":["https:\/\/www.illuminens.com\/en\/web-design\/"]}]},{"@type":"BreadcrumbList","@id":"https:\/\/www.illuminens.com\/en\/web-design\/#breadcrumb","itemListElement":[{"@type":"ListItem","position":1,"name":"Accueil","item":"https:\/\/www.illuminens.com\/en\/"},{"@type":"ListItem","position":2,"name":"Web Design"}]},{"@type":"WebSite","@id":"https:\/\/www.illuminens.com\/en\/#website","url":"https:\/\/www.illuminens.com\/en\/","name":"ILLUMINENS","description":"ILLUMINENS est un studio de cr\u00e9ation visuel bas\u00e9 \u00e0 Paris\u00a0| Perspective Architecture | Image Architecture | Architecture Images | Architecture Pictures","publisher":{"@id":"https:\/\/www.illuminens.com\/en\/#organization"},"potentialAction":[{"@type":"SearchAction","target":{"@type":"EntryPoint","urlTemplate":"https:\/\/www.illuminens.com\/en\/?s={search_term_string}"},"query-input":{"@type":"PropertyValueSpecification","valueRequired":true,"valueName":"search_term_string"}}],"inLanguage":"en-US"},{"@type":"Organization","@id":"https:\/\/www.illuminens.com\/en\/#organization","name":"ILLUMINENS","url":"https:\/\/www.illuminens.com\/en\/","logo":{"@type":"ImageObject","inLanguage":"en-US","@id":"https:\/\/www.illuminens.com\/en\/#\/schema\/logo\/image\/","url":"https:\/\/www.illuminens.com\/wp-content\/uploads\/Illuminens-logo-v3.png","contentUrl":"https:\/\/www.illuminens.com\/wp-content\/uploads\/Illuminens-logo-v3.png","width":330,"height":80,"caption":"ILLUMINENS"},"image":{"@id":"https:\/\/www.illuminens.com\/en\/#\/schema\/logo\/image\/"},"sameAs":["https:\/\/www.facebook.com\/illuminens","https:\/\/www.linkedin.com\/in\/julienbenezet\/"]}]}},"_links":{"self":[{"href":"https:\/\/www.illuminens.com\/en\/wp-json\/wp\/v2\/pages\/5270","targetHints":{"allow":["GET"]}}],"collection":[{"href":"https:\/\/www.illuminens.com\/en\/wp-json\/wp\/v2\/pages"}],"about":[{"href":"https:\/\/www.illuminens.com\/en\/wp-json\/wp\/v2\/types\/page"}],"author":[{"embeddable":true,"href":"https:\/\/www.illuminens.com\/en\/wp-json\/wp\/v2\/users\/4"}],"replies":[{"embeddable":true,"href":"https:\/\/www.illuminens.com\/en\/wp-json\/wp\/v2\/comments?post=5270"}],"version-history":[{"count":5,"href":"https:\/\/www.illuminens.com\/en\/wp-json\/wp\/v2\/pages\/5270\/revisions"}],"predecessor-version":[{"id":9827,"href":"https:\/\/www.illuminens.com\/en\/wp-json\/wp\/v2\/pages\/5270\/revisions\/9827"}],"wp:attachment":[{"href":"https:\/\/www.illuminens.com\/en\/wp-json\/wp\/v2\/media?parent=5270"}],"curies":[{"name":"wp","href":"https:\/\/api.w.org\/{rel}","templated":true}]}}