{"id":5114,"date":"2017-02-27T18:48:25","date_gmt":"2017-02-27T17:48:25","guid":{"rendered":"https:\/\/www.illuminens.com\/?page_id=5114"},"modified":"2026-04-10T14:52:30","modified_gmt":"2026-04-10T12:52:30","slug":"competition-rendering","status":"publish","type":"page","link":"https:\/\/www.illuminens.com\/en\/competition-rendering\/","title":{"rendered":"Competition Rendering"},"content":{"rendered":"<div class=\"wpb-content-wrapper\"><p>[vc_row row_height_percent=&#8221;0&#8243; override_padding=&#8221;yes&#8221; h_padding=&#8221;4&#8243; top_padding=&#8221;4&#8243; bottom_padding=&#8221;4&#8243; back_color=&#8221;color-zsdf&#8221; overlay_alpha=&#8221;50&#8243; gutter_size=&#8221;4&#8243; column_width_percent=&#8221;100&#8243; shift_y=&#8221;0&#8243; z_index=&#8221;0&#8243; content_parallax=&#8221;0&#8243; css=&#8221;.vc_custom_1772316477167{padding-right: 8% !important;padding-left: 8% !important;}&#8221; row_name=&#8221;introconcours&#8221; uncode_shortcode_id=&#8221;728473&#8243; back_color_type=&#8221;uncode-palette&#8221; el_class=&#8221;underlinelink&#8221;][vc_column column_width_percent=&#8221;100&#8243; gutter_size=&#8221;0&#8243; style=&#8221;light&#8221; overlay_alpha=&#8221;50&#8243; shift_x=&#8221;0&#8243; shift_y=&#8221;0&#8243; shift_y_down=&#8221;0&#8243; z_index=&#8221;0&#8243; medium_width=&#8221;0&#8243; mobile_width=&#8221;0&#8243; width=&#8221;1\/2&#8243; uncode_shortcode_id=&#8221;337070&#8243;][vc_custom_heading heading_semantic=&#8221;h3&#8243; text_size=&#8221;fontsize-118104&#8243; text_weight=&#8221;800&#8243; text_transform=&#8221;uppercase&#8221; text_space=&#8221;fontspace-138941&#8243; uncode_shortcode_id=&#8221;106442&#8243;]Why[\/vc_custom_heading][vc_empty_space empty_h=&#8221;0&#8243;][vc_separator sep_color=&#8221;color-193079&#8243; el_width=&#8221;100%&#8221; el_height=&#8221;2px&#8221; uncode_shortcode_id=&#8221;486424&#8243; sep_color_type=&#8221;uncode-palette&#8221;][vc_empty_space empty_h=&#8221;2&#8243;][vc_column_text uncode_shortcode_id=&#8221;437138&#8243; el_class=&#8221;justify&#8221;]<strong>As opportunities to present projects orally become increasingly limited, competition boards now carry the full weight of your message. They must speak clearly, instantly, and convincingly.<\/strong><\/p>\n<p>Today, perspectives are essential to project communication. At the same time, plans, sections, and elevations remain fundamental to understanding the design. Yet by nature, technical drawings can be difficult to read and are often overlooked by non-specialist audiences. Their clarity, hierarchy, and presentation therefore become critical. You benefit from the expertise of a studio specialized in <a href=\"https:\/\/www.illuminens.com\/en\/\">architecture visualization<\/a>, with a deep understanding of how projects must be communicated to stand out.[\/vc_column_text][\/vc_column][vc_column column_width_percent=&#8221;100&#8243; gutter_size=&#8221;0&#8243; style=&#8221;light&#8221; overlay_alpha=&#8221;50&#8243; shift_x=&#8221;0&#8243; shift_y=&#8221;0&#8243; shift_y_down=&#8221;0&#8243; z_index=&#8221;0&#8243; medium_width=&#8221;0&#8243; mobile_width=&#8221;0&#8243; width=&#8221;1\/2&#8243; uncode_shortcode_id=&#8221;692635&#8243; el_class=&#8221;liste-circle&#8221;][vc_custom_heading heading_semantic=&#8221;h3&#8243; text_size=&#8221;fontsize-118104&#8243; text_weight=&#8221;800&#8243; text_transform=&#8221;uppercase&#8221; text_space=&#8221;fontspace-138941&#8243; uncode_shortcode_id=&#8221;157554&#8243;]How[\/vc_custom_heading][vc_empty_space empty_h=&#8221;0&#8243;][vc_separator sep_color=&#8221;color-193079&#8243; el_width=&#8221;100%&#8221; el_height=&#8221;2px&#8221; uncode_shortcode_id=&#8221;332756&#8243; sep_color_type=&#8221;uncode-palette&#8221;][vc_empty_space empty_h=&#8221;2&#8243;][vc_column_text uncode_shortcode_id=&#8221;597611&#8243; el_class=&#8221;justify&#8221;]<strong>We believe that clarity drives impact. A project is appreciated when it is understood.<\/strong> To make competition boards intuitive and compelling, we focus on\u00a0:<\/p>\n<ul>\n<li><strong>Layout design<\/strong>, considering each board as part of a coherent visual system.<\/li>\n<li><strong>Hierarchy and organization<\/strong>, ensuring that every element contributes to a strong and immediate visual impact.<\/li>\n<li><strong>Graphic enhancement of technical drawings<\/strong> \u2014 color treatment, shading, and labeling \u2014 to improve readability and facilitate understanding.<\/li>\n<\/ul>\n<p>[\/vc_column_text][\/vc_column][\/vc_row][vc_row unlock_row_content=&#8221;yes&#8221; row_height_percent=&#8221;0&#8243; override_padding=&#8221;yes&#8221; h_padding=&#8221;0&#8243; top_padding=&#8221;0&#8243; bottom_padding=&#8221;0&#8243; back_color=&#8221;color-863801&#8243; overlay_alpha=&#8221;50&#8243; gutter_size=&#8221;3&#8243; shift_y=&#8221;0&#8243;][vc_column column_width_percent=&#8221;100&#8243; gutter_size=&#8221;3&#8243; style=&#8221;dark&#8221; overlay_alpha=&#8221;50&#8243; shift_x=&#8221;0&#8243; shift_y=&#8221;0&#8243; shift_y_down=&#8221;0&#8243; z_index=&#8221;0&#8243; medium_width=&#8221;7&#8243; mobile_width=&#8221;0&#8243; width=&#8221;1\/1&#8243; uncode_shortcode_id=&#8221;449337&#8243;][uncode_index el_id=&#8221;index-395303&#8243; loop=&#8221;size:All|order_by:ID|post_type:portfolio|tax_query:12&#8243; index_back_color=&#8221;color-jevc&#8221; screen_lg=&#8221;1024&#8243; screen_md=&#8221;1024&#8243; screen_sm=&#8221;1024&#8243; gutter_size=&#8221;0&#8243; portfolio_items=&#8221;title,media|featured|onpost|original&#8221; single_text=&#8221;overlay&#8221; single_overlay_color=&#8221;color-jevc&#8221; single_overlay_opacity=&#8221;50&#8243; single_text_anim_type=&#8221;btt&#8221; single_image_anim=&#8221;no&#8221; single_h_align=&#8221;center&#8221; single_h_align_mobile=&#8221;center&#8221; single_padding=&#8221;2&#8243; single_title_dimension=&#8221;h5&#8243; single_border=&#8221;yes&#8221; single_css_animation=&#8221;bottom-t-top&#8221; custom_order=&#8221;yes&#8221; single_icon=&#8221;fa fa-search3&#8243; items=&#8221;eyIxMzM5X2kiOnsic2luZ2xlX2ljb24iOiJmYSBmYS1zZWFyY2gzIiwic2luZ2xlX3dpZHRoIjoiOCIsInNpbmdsZV9oZWlnaHQiOiI2In0sIjExOTVfaSI6eyJzaW5nbGVfaWNvbiI6ImZhIGZhLXNlYXJjaDMiLCJzaW5nbGVfd2lkdGgiOiI4Iiwic2luZ2xlX2hlaWdodCI6IjYifSwiMTQxMV9pIjp7InNpbmdsZV9pY29uIjoiZmEgZmEtc2VhcmNoMyIsInNpbmdsZV93aWR0aCI6IjgiLCJzaW5nbGVfaGVpZ2h0IjoiNiJ9LCIxMjQ0X2kiOnsic2luZ2xlX2ljb24iOiJmYSBmYS1zZWFyY2gzIiwic2luZ2xlX3dpZHRoIjoiOCIsInNpbmdsZV9oZWlnaHQiOiI2In19&#8243; order_ids=&#8221;1564,2183,1588,2181,1595,2173&#8243;][\/vc_column][\/vc_row]<\/p>\n<\/div>","protected":false},"excerpt":{"rendered":"<p>[vc_row row_height_percent=&#8221;0&#8243; override_padding=&#8221;yes&#8221; h_padding=&#8221;4&#8243; top_padding=&#8221;4&#8243; bottom_padding=&#8221;4&#8243; back_color=&#8221;color-zsdf&#8221; overlay_alpha=&#8221;50&#8243; gutter_size=&#8221;4&#8243; column_width_percent=&#8221;100&#8243; shift_y=&#8221;0&#8243; z_index=&#8221;0&#8243; content_parallax=&#8221;0&#8243; css=&#8221;.vc_custom_1772316477167{padding-right: 8% !important;padding-left: 8% !important;}&#8221; row_name=&#8221;introconcours&#8221; uncode_shortcode_id=&#8221;728473&#8243; [&hellip;]<\/p>\n","protected":false},"author":4,"featured_media":4629,"parent":0,"menu_order":0,"comment_status":"closed","ping_status":"closed","template":"","meta":{"footnotes":""},"class_list":["post-5114","page","type-page","status-publish","has-post-thumbnail","hentry"],"yoast_head":"<!-- This site is optimized with the Yoast SEO plugin v27.5 - https:\/\/yoast.com\/product\/yoast-seo-wordpress\/ -->\n<title>ILLUMINENS | Competition Rendering<\/title>\n<meta name=\"description\" content=\"Competition Rendering : competition boards now carry the full weight of your message. They must speak instantly...\" \/>\n<meta name=\"robots\" content=\"index, follow, max-snippet:-1, max-image-preview:large, max-video-preview:-1\" \/>\n<link rel=\"canonical\" href=\"https:\/\/www.illuminens.com\/en\/competition-rendering\/\" \/>\n<meta property=\"og:locale\" content=\"en_US\" \/>\n<meta property=\"og:type\" content=\"article\" \/>\n<meta property=\"og:title\" content=\"ILLUMINENS | Competition Rendering\" \/>\n<meta property=\"og:description\" content=\"Competition Rendering : competition boards now carry the full weight of your message. They must speak instantly...\" \/>\n<meta property=\"og:url\" content=\"https:\/\/www.illuminens.com\/en\/competition-rendering\/\" \/>\n<meta property=\"og:site_name\" content=\"ILLUMINENS\" \/>\n<meta property=\"article:publisher\" content=\"https:\/\/www.facebook.com\/illuminens\" \/>\n<meta property=\"article:modified_time\" content=\"2026-04-10T12:52:30+00:00\" \/>\n<meta property=\"og:image\" content=\"https:\/\/www.illuminens.com\/wp-content\/uploads\/Concours-Hero-scene-2.jpg\" \/>\n\t<meta property=\"og:image:width\" content=\"2880\" \/>\n\t<meta property=\"og:image:height\" content=\"1800\" \/>\n\t<meta property=\"og:image:type\" content=\"image\/jpeg\" \/>\n<meta name=\"twitter:card\" content=\"summary_large_image\" \/>\n<meta name=\"twitter:label1\" content=\"Est. reading time\" \/>\n\t<meta name=\"twitter:data1\" content=\"2 minutes\" \/>\n<script type=\"application\/ld+json\" class=\"yoast-schema-graph\">{\"@context\":\"https:\\\/\\\/schema.org\",\"@graph\":[{\"@type\":\"WebPage\",\"@id\":\"https:\\\/\\\/www.illuminens.com\\\/en\\\/competition-rendering\\\/\",\"url\":\"https:\\\/\\\/www.illuminens.com\\\/en\\\/competition-rendering\\\/\",\"name\":\"ILLUMINENS | Competition Rendering\",\"isPartOf\":{\"@id\":\"https:\\\/\\\/www.illuminens.com\\\/en\\\/#website\"},\"primaryImageOfPage\":{\"@id\":\"https:\\\/\\\/www.illuminens.com\\\/en\\\/competition-rendering\\\/#primaryimage\"},\"image\":{\"@id\":\"https:\\\/\\\/www.illuminens.com\\\/en\\\/competition-rendering\\\/#primaryimage\"},\"thumbnailUrl\":\"https:\\\/\\\/www.illuminens.com\\\/wp-content\\\/uploads\\\/Concours-Hero-scene-2.jpg\",\"datePublished\":\"2017-02-27T17:48:25+00:00\",\"dateModified\":\"2026-04-10T12:52:30+00:00\",\"description\":\"Competition Rendering : competition boards now carry the full weight of your message. They must speak instantly...\",\"breadcrumb\":{\"@id\":\"https:\\\/\\\/www.illuminens.com\\\/en\\\/competition-rendering\\\/#breadcrumb\"},\"inLanguage\":\"en-US\",\"potentialAction\":[{\"@type\":\"ReadAction\",\"target\":[\"https:\\\/\\\/www.illuminens.com\\\/en\\\/competition-rendering\\\/\"]}]},{\"@type\":\"ImageObject\",\"inLanguage\":\"en-US\",\"@id\":\"https:\\\/\\\/www.illuminens.com\\\/en\\\/competition-rendering\\\/#primaryimage\",\"url\":\"https:\\\/\\\/www.illuminens.com\\\/wp-content\\\/uploads\\\/Concours-Hero-scene-2.jpg\",\"contentUrl\":\"https:\\\/\\\/www.illuminens.com\\\/wp-content\\\/uploads\\\/Concours-Hero-scene-2.jpg\",\"width\":2880,\"height\":1800,\"caption\":\"l'Atelier Architectes\"},{\"@type\":\"BreadcrumbList\",\"@id\":\"https:\\\/\\\/www.illuminens.com\\\/en\\\/competition-rendering\\\/#breadcrumb\",\"itemListElement\":[{\"@type\":\"ListItem\",\"position\":1,\"name\":\"Accueil\",\"item\":\"https:\\\/\\\/www.illuminens.com\\\/en\\\/\"},{\"@type\":\"ListItem\",\"position\":2,\"name\":\"Competition Rendering\"}]},{\"@type\":\"WebSite\",\"@id\":\"https:\\\/\\\/www.illuminens.com\\\/en\\\/#website\",\"url\":\"https:\\\/\\\/www.illuminens.com\\\/en\\\/\",\"name\":\"ILLUMINENS\",\"description\":\"ILLUMINENS est un studio de cr\u00e9ation visuel bas\u00e9 \u00e0 Paris\u00a0| Perspective Architecture | Image Architecture | Architecture Images | Architecture Pictures\",\"publisher\":{\"@id\":\"https:\\\/\\\/www.illuminens.com\\\/en\\\/#organization\"},\"potentialAction\":[{\"@type\":\"SearchAction\",\"target\":{\"@type\":\"EntryPoint\",\"urlTemplate\":\"https:\\\/\\\/www.illuminens.com\\\/en\\\/?s={search_term_string}\"},\"query-input\":{\"@type\":\"PropertyValueSpecification\",\"valueRequired\":true,\"valueName\":\"search_term_string\"}}],\"inLanguage\":\"en-US\"},{\"@type\":\"Organization\",\"@id\":\"https:\\\/\\\/www.illuminens.com\\\/en\\\/#organization\",\"name\":\"ILLUMINENS\",\"url\":\"https:\\\/\\\/www.illuminens.com\\\/en\\\/\",\"logo\":{\"@type\":\"ImageObject\",\"inLanguage\":\"en-US\",\"@id\":\"https:\\\/\\\/www.illuminens.com\\\/en\\\/#\\\/schema\\\/logo\\\/image\\\/\",\"url\":\"https:\\\/\\\/www.illuminens.com\\\/wp-content\\\/uploads\\\/Illuminens-logo-v3.png\",\"contentUrl\":\"https:\\\/\\\/www.illuminens.com\\\/wp-content\\\/uploads\\\/Illuminens-logo-v3.png\",\"width\":330,\"height\":80,\"caption\":\"ILLUMINENS\"},\"image\":{\"@id\":\"https:\\\/\\\/www.illuminens.com\\\/en\\\/#\\\/schema\\\/logo\\\/image\\\/\"},\"sameAs\":[\"https:\\\/\\\/www.facebook.com\\\/illuminens\",\"https:\\\/\\\/www.linkedin.com\\\/in\\\/julienbenezet\\\/\"]}]}<\/script>\n<!-- \/ Yoast SEO plugin. -->","yoast_head_json":{"title":"ILLUMINENS | Competition Rendering","description":"Competition Rendering : competition boards now carry the full weight of your message. They must speak instantly...","robots":{"index":"index","follow":"follow","max-snippet":"max-snippet:-1","max-image-preview":"max-image-preview:large","max-video-preview":"max-video-preview:-1"},"canonical":"https:\/\/www.illuminens.com\/en\/competition-rendering\/","og_locale":"en_US","og_type":"article","og_title":"ILLUMINENS | Competition Rendering","og_description":"Competition Rendering : competition boards now carry the full weight of your message. They must speak instantly...","og_url":"https:\/\/www.illuminens.com\/en\/competition-rendering\/","og_site_name":"ILLUMINENS","article_publisher":"https:\/\/www.facebook.com\/illuminens","article_modified_time":"2026-04-10T12:52:30+00:00","og_image":[{"width":2880,"height":1800,"url":"https:\/\/www.illuminens.com\/wp-content\/uploads\/Concours-Hero-scene-2.jpg","type":"image\/jpeg"}],"twitter_card":"summary_large_image","twitter_misc":{"Est. reading time":"2 minutes"},"schema":{"@context":"https:\/\/schema.org","@graph":[{"@type":"WebPage","@id":"https:\/\/www.illuminens.com\/en\/competition-rendering\/","url":"https:\/\/www.illuminens.com\/en\/competition-rendering\/","name":"ILLUMINENS | Competition Rendering","isPartOf":{"@id":"https:\/\/www.illuminens.com\/en\/#website"},"primaryImageOfPage":{"@id":"https:\/\/www.illuminens.com\/en\/competition-rendering\/#primaryimage"},"image":{"@id":"https:\/\/www.illuminens.com\/en\/competition-rendering\/#primaryimage"},"thumbnailUrl":"https:\/\/www.illuminens.com\/wp-content\/uploads\/Concours-Hero-scene-2.jpg","datePublished":"2017-02-27T17:48:25+00:00","dateModified":"2026-04-10T12:52:30+00:00","description":"Competition Rendering : competition boards now carry the full weight of your message. They must speak instantly...","breadcrumb":{"@id":"https:\/\/www.illuminens.com\/en\/competition-rendering\/#breadcrumb"},"inLanguage":"en-US","potentialAction":[{"@type":"ReadAction","target":["https:\/\/www.illuminens.com\/en\/competition-rendering\/"]}]},{"@type":"ImageObject","inLanguage":"en-US","@id":"https:\/\/www.illuminens.com\/en\/competition-rendering\/#primaryimage","url":"https:\/\/www.illuminens.com\/wp-content\/uploads\/Concours-Hero-scene-2.jpg","contentUrl":"https:\/\/www.illuminens.com\/wp-content\/uploads\/Concours-Hero-scene-2.jpg","width":2880,"height":1800,"caption":"l'Atelier Architectes"},{"@type":"BreadcrumbList","@id":"https:\/\/www.illuminens.com\/en\/competition-rendering\/#breadcrumb","itemListElement":[{"@type":"ListItem","position":1,"name":"Accueil","item":"https:\/\/www.illuminens.com\/en\/"},{"@type":"ListItem","position":2,"name":"Competition Rendering"}]},{"@type":"WebSite","@id":"https:\/\/www.illuminens.com\/en\/#website","url":"https:\/\/www.illuminens.com\/en\/","name":"ILLUMINENS","description":"ILLUMINENS est un studio de cr\u00e9ation visuel bas\u00e9 \u00e0 Paris\u00a0| Perspective Architecture | Image Architecture | Architecture Images | Architecture Pictures","publisher":{"@id":"https:\/\/www.illuminens.com\/en\/#organization"},"potentialAction":[{"@type":"SearchAction","target":{"@type":"EntryPoint","urlTemplate":"https:\/\/www.illuminens.com\/en\/?s={search_term_string}"},"query-input":{"@type":"PropertyValueSpecification","valueRequired":true,"valueName":"search_term_string"}}],"inLanguage":"en-US"},{"@type":"Organization","@id":"https:\/\/www.illuminens.com\/en\/#organization","name":"ILLUMINENS","url":"https:\/\/www.illuminens.com\/en\/","logo":{"@type":"ImageObject","inLanguage":"en-US","@id":"https:\/\/www.illuminens.com\/en\/#\/schema\/logo\/image\/","url":"https:\/\/www.illuminens.com\/wp-content\/uploads\/Illuminens-logo-v3.png","contentUrl":"https:\/\/www.illuminens.com\/wp-content\/uploads\/Illuminens-logo-v3.png","width":330,"height":80,"caption":"ILLUMINENS"},"image":{"@id":"https:\/\/www.illuminens.com\/en\/#\/schema\/logo\/image\/"},"sameAs":["https:\/\/www.facebook.com\/illuminens","https:\/\/www.linkedin.com\/in\/julienbenezet\/"]}]}},"_links":{"self":[{"href":"https:\/\/www.illuminens.com\/en\/wp-json\/wp\/v2\/pages\/5114","targetHints":{"allow":["GET"]}}],"collection":[{"href":"https:\/\/www.illuminens.com\/en\/wp-json\/wp\/v2\/pages"}],"about":[{"href":"https:\/\/www.illuminens.com\/en\/wp-json\/wp\/v2\/types\/page"}],"author":[{"embeddable":true,"href":"https:\/\/www.illuminens.com\/en\/wp-json\/wp\/v2\/users\/4"}],"replies":[{"embeddable":true,"href":"https:\/\/www.illuminens.com\/en\/wp-json\/wp\/v2\/comments?post=5114"}],"version-history":[{"count":5,"href":"https:\/\/www.illuminens.com\/en\/wp-json\/wp\/v2\/pages\/5114\/revisions"}],"predecessor-version":[{"id":9709,"href":"https:\/\/www.illuminens.com\/en\/wp-json\/wp\/v2\/pages\/5114\/revisions\/9709"}],"wp:featuredmedia":[{"embeddable":true,"href":"https:\/\/www.illuminens.com\/en\/wp-json\/wp\/v2\/media\/4629"}],"wp:attachment":[{"href":"https:\/\/www.illuminens.com\/en\/wp-json\/wp\/v2\/media?parent=5114"}],"curies":[{"name":"wp","href":"https:\/\/api.w.org\/{rel}","templated":true}]}}