{"id":4707,"date":"2017-01-24T19:55:13","date_gmt":"2017-01-24T18:55:13","guid":{"rendered":"https:\/\/www.illuminens.com\/graphic-design\/"},"modified":"2026-04-23T23:03:42","modified_gmt":"2026-04-23T21:03:42","slug":"graphic-design","status":"publish","type":"page","link":"https:\/\/www.illuminens.com\/en\/graphic-design\/","title":{"rendered":"Graphic Design"},"content":{"rendered":"<div class=\"wpb-content-wrapper\"><p>[vc_row row_height_percent=&#8221;0&#8243; override_padding=&#8221;yes&#8221; h_padding=&#8221;4&#8243; top_padding=&#8221;4&#8243; bottom_padding=&#8221;3&#8243; back_color=&#8221;color-dfgh&#8221; overlay_alpha=&#8221;50&#8243; gutter_size=&#8221;4&#8243; column_width_percent=&#8221;100&#8243; shift_y=&#8221;0&#8243; z_index=&#8221;0&#8243; content_parallax=&#8221;0&#8243; css=&#8221;.vc_custom_1775767395366{padding-right: 8% !important;padding-left: 8% !important;}&#8221; row_name=&#8221;intrographicdesign&#8221; uncode_shortcode_id=&#8221;116261&#8243; back_color_type=&#8221;uncode-palette&#8221; el_class=&#8221;underlinelink&#8221;][vc_column column_width_percent=&#8221;100&#8243; gutter_size=&#8221;0&#8243; override_padding=&#8221;yes&#8221; column_padding=&#8221;0&#8243; overlay_alpha=&#8221;50&#8243; shift_x=&#8221;0&#8243; shift_y=&#8221;0&#8243; shift_y_down=&#8221;0&#8243; z_index=&#8221;0&#8243; medium_width=&#8221;0&#8243; mobile_width=&#8221;0&#8243; width=&#8221;1\/2&#8243; uncode_shortcode_id=&#8221;373856&#8243;][vc_custom_heading heading_semantic=&#8221;h3&#8243; text_size=&#8221;fontsize-118104&#8243; text_weight=&#8221;800&#8243; text_space=&#8221;fontspace-138941&#8243; uncode_shortcode_id=&#8221;154994&#8243;]WHY[\/vc_custom_heading][vc_empty_space empty_h=&#8221;0&#8243;][vc_separator sep_color=&#8221;color-713812&#8243; el_width=&#8221;100%&#8221; el_height=&#8221;2px&#8221; uncode_shortcode_id=&#8221;410307&#8243; sep_color_type=&#8221;uncode-palette&#8221;][vc_empty_space empty_h=&#8221;2&#8243;][vc_column_text uncode_shortcode_id=&#8221;100430&#8243;]<strong>Your portfolio should be more than a long list of projects. It should clearly express the coherence of your work and the strength of your approach, with clarity, elegance, and purpose. <\/strong><\/p>\n<p>Your firm\u2019s identity is also reflected in its logo. A strong visual identity must be precise, simple, and instantly recognizable. It should express your values, reinforce your positioning, and create a consistent presence across all your communication materials.[\/vc_column_text][\/vc_column][vc_column column_width_percent=&#8221;100&#8243; gutter_size=&#8221;0&#8243; overlay_alpha=&#8221;50&#8243; shift_x=&#8221;0&#8243; shift_y=&#8221;0&#8243; shift_y_down=&#8221;0&#8243; z_index=&#8221;0&#8243; medium_width=&#8221;0&#8243; mobile_width=&#8221;0&#8243; width=&#8221;1\/2&#8243; uncode_shortcode_id=&#8221;783158&#8243;][vc_custom_heading heading_semantic=&#8221;h3&#8243; text_size=&#8221;fontsize-118104&#8243; text_weight=&#8221;800&#8243; text_space=&#8221;fontspace-138941&#8243; uncode_shortcode_id=&#8221;714577&#8243;]HOW[\/vc_custom_heading][vc_empty_space empty_h=&#8221;0&#8243;][vc_separator sep_color=&#8221;color-713812&#8243; el_width=&#8221;100%&#8221; el_height=&#8221;2px&#8221; uncode_shortcode_id=&#8221;117524&#8243; sep_color_type=&#8221;uncode-palette&#8221;][vc_empty_space empty_h=&#8221;2&#8243;][vc_column_text uncode_shortcode_id=&#8221;104519&#8243;]<strong>For us, graphic design sits at the intersection of aesthetic exploration and strategic thinking. It\u2019s about defining your identity, expressing your philosophy, and telling your story with clarity and impact. <\/strong><\/p>\n<p>These principles guide our work to ensure your communication materials leave a lasting impression. You benefit from the expertise of a studio specialized in <a href=\"https:\/\/www.illuminens.com\/en\/\">architecture visualization<\/a>, with a deep understanding of how architects think, design, and communicate.[\/vc_column_text][\/vc_column][\/vc_row][vc_row unlock_row_content=&#8221;yes&#8221; row_height_percent=&#8221;0&#8243; override_padding=&#8221;yes&#8221; h_padding=&#8221;0&#8243; top_padding=&#8221;0&#8243; bottom_padding=&#8221;0&#8243; overlay_alpha=&#8221;0&#8243; gutter_size=&#8221;3&#8243; column_width_percent=&#8221;100&#8243; shift_y=&#8221;0&#8243; z_index=&#8221;0&#8243; content_parallax=&#8221;0&#8243; uncode_shortcode_id=&#8221;164026&#8243;][vc_column column_width_percent=&#8221;100&#8243; gutter_size=&#8221;3&#8243; overlay_alpha=&#8221;0&#8243; shift_x=&#8221;0&#8243; shift_y=&#8221;0&#8243; shift_y_down=&#8221;0&#8243; z_index=&#8221;0&#8243; medium_width=&#8221;0&#8243; mobile_width=&#8221;0&#8243; width=&#8221;1\/1&#8243; uncode_shortcode_id=&#8221;787634&#8243;][uncode_index el_id=&#8221;index-395303&#8243; loop=&#8221;size:All|order_by:rand|post_type:portfolio|tax_query:153,157|taxonomy_count:10&#8243; style_preset=&#8221;metro&#8221; screen_lg=&#8221;1000&#8243; screen_md=&#8221;600&#8243; screen_sm=&#8221;480&#8243; filtering=&#8221;yes&#8221; filter_style=&#8221;dark&#8221; filtering_uppercase=&#8221;yes&#8221; filter_back_color=&#8221;color-dfgh&#8221; filtering_position=&#8221;center&#8221; gutter_size=&#8221;0&#8243; portfolio_items=&#8221;title,media|featured|onpost|original&#8221; single_text=&#8221;overlay&#8221; single_width=&#8221;3&#8243; single_height=&#8221;2&#8243; single_overlay_color=&#8221;color-jevc&#8221; single_overlay_opacity=&#8221;50&#8243; single_text_anim_type=&#8221;btt&#8221; single_image_anim=&#8221;no&#8221; single_h_align=&#8221;center&#8221; single_h_align_mobile=&#8221;center&#8221; single_padding=&#8221;2&#8243; single_title_dimension=&#8221;h5&#8243; single_border=&#8221;yes&#8221; single_css_animation=&#8221;bottom-t-top&#8221; custom_order=&#8221;yes&#8221; items=&#8221;eyIxMzM5X2kiOnsic2luZ2xlX2ljb24iOiJmYSBmYS1zZWFyY2gzIiwic2luZ2xlX3dpZHRoIjoiNiIsInNpbmdsZV9oZWlnaHQiOiI0In0sIjExOTVfaSI6eyJzaW5nbGVfaWNvbiI6ImZhIGZhLXNlYXJjaDMiLCJzaW5nbGVfd2lkdGgiOiI2Iiwic2luZ2xlX2hlaWdodCI6IjQifSwiMTQxMV9pIjp7InNpbmdsZV9pY29uIjoiZmEgZmEtc2VhcmNoMyIsInNpbmdsZV93aWR0aCI6IjYiLCJzaW5nbGVfaGVpZ2h0IjoiNCJ9LCIxMjQ0X2kiOnsic2luZ2xlX2ljb24iOiJmYSBmYS1zZWFyY2gzIiwic2luZ2xlX3dpZHRoIjoiNiIsInNpbmdsZV9oZWlnaHQiOiI0In0sIjUyMjRfaSI6eyJzaW5nbGVfd2lkdGgiOiI2Iiwic2luZ2xlX2hlaWdodCI6IjQifSwiNTIxMV9pIjp7InNpbmdsZV93aWR0aCI6IjYiLCJzaW5nbGVfaGVpZ2h0IjoiNCJ9LCI1MjAwX2kiOnsic2luZ2xlX3dpZHRoIjoiNiIsInNpbmdsZV9oZWlnaHQiOiI0In0sIjUyMTVfaSI6eyJzaW5nbGVfd2lkdGgiOiI2Iiwic2luZ2xlX2hlaWdodCI6IjQifX0=&#8221; order_ids=&#8221;5224,9776,10194,5193,5176,5195,5182,5215,5173,5179,5200,5211&#8243; uncode_shortcode_id=&#8221;664441&#8243; filter_back_color_type=&#8221;uncode-palette&#8221;][\/vc_column][\/vc_row]<\/p>\n<\/div>","protected":false},"excerpt":{"rendered":"<p>[vc_row row_height_percent=&#8221;0&#8243; override_padding=&#8221;yes&#8221; h_padding=&#8221;4&#8243; top_padding=&#8221;4&#8243; bottom_padding=&#8221;3&#8243; back_color=&#8221;color-dfgh&#8221; overlay_alpha=&#8221;50&#8243; gutter_size=&#8221;4&#8243; column_width_percent=&#8221;100&#8243; shift_y=&#8221;0&#8243; z_index=&#8221;0&#8243; content_parallax=&#8221;0&#8243; css=&#8221;.vc_custom_1775767395366{padding-right: 8% !important;padding-left: 8% !important;}&#8221; row_name=&#8221;intrographicdesign&#8221; uncode_shortcode_id=&#8221;116261&#8243; [&hellip;]<\/p>\n","protected":false},"author":4,"featured_media":4532,"parent":0,"menu_order":0,"comment_status":"closed","ping_status":"closed","template":"","meta":{"footnotes":""},"class_list":["post-4707","page","type-page","status-publish","has-post-thumbnail","hentry"],"yoast_head":"<!-- This site is optimized with the Yoast SEO plugin v27.5 - https:\/\/yoast.com\/product\/yoast-seo-wordpress\/ -->\n<title>ILLUMINENS | Graphic Design<\/title>\n<meta name=\"description\" content=\"Graphic Design : For us, graphic design sits at the intersection of aesthetic exploration and strategic thinking.\" \/>\n<meta name=\"robots\" content=\"index, follow, max-snippet:-1, max-image-preview:large, max-video-preview:-1\" \/>\n<link rel=\"canonical\" href=\"https:\/\/www.illuminens.com\/en\/graphic-design\/\" \/>\n<meta property=\"og:locale\" content=\"en_US\" \/>\n<meta property=\"og:type\" content=\"article\" \/>\n<meta property=\"og:title\" content=\"ILLUMINENS | Graphic Design\" \/>\n<meta property=\"og:description\" content=\"Graphic Design : For us, graphic design sits at the intersection of aesthetic exploration and strategic thinking.\" \/>\n<meta property=\"og:url\" content=\"https:\/\/www.illuminens.com\/en\/graphic-design\/\" \/>\n<meta property=\"og:site_name\" content=\"ILLUMINENS\" \/>\n<meta property=\"article:publisher\" content=\"https:\/\/www.facebook.com\/illuminens\" \/>\n<meta property=\"article:modified_time\" content=\"2026-04-23T21:03:42+00:00\" \/>\n<meta property=\"og:image\" content=\"https:\/\/www.illuminens.com\/wp-content\/uploads\/Graphic-Design-Hero-scene.jpg\" \/>\n\t<meta property=\"og:image:width\" content=\"2880\" \/>\n\t<meta property=\"og:image:height\" content=\"1800\" \/>\n\t<meta property=\"og:image:type\" content=\"image\/jpeg\" \/>\n<meta name=\"twitter:card\" content=\"summary_large_image\" \/>\n<meta name=\"twitter:label1\" content=\"Est. reading time\" \/>\n\t<meta name=\"twitter:data1\" content=\"2 minutes\" \/>\n<script type=\"application\/ld+json\" class=\"yoast-schema-graph\">{\"@context\":\"https:\\\/\\\/schema.org\",\"@graph\":[{\"@type\":\"WebPage\",\"@id\":\"https:\\\/\\\/www.illuminens.com\\\/en\\\/graphic-design\\\/\",\"url\":\"https:\\\/\\\/www.illuminens.com\\\/en\\\/graphic-design\\\/\",\"name\":\"ILLUMINENS | Graphic Design\",\"isPartOf\":{\"@id\":\"https:\\\/\\\/www.illuminens.com\\\/en\\\/#website\"},\"primaryImageOfPage\":{\"@id\":\"https:\\\/\\\/www.illuminens.com\\\/en\\\/graphic-design\\\/#primaryimage\"},\"image\":{\"@id\":\"https:\\\/\\\/www.illuminens.com\\\/en\\\/graphic-design\\\/#primaryimage\"},\"thumbnailUrl\":\"https:\\\/\\\/www.illuminens.com\\\/wp-content\\\/uploads\\\/Graphic-Design-Hero-scene.jpg\",\"datePublished\":\"2017-01-24T18:55:13+00:00\",\"dateModified\":\"2026-04-23T21:03:42+00:00\",\"description\":\"Graphic Design : For us, graphic design sits at the intersection of aesthetic exploration and strategic thinking.\",\"breadcrumb\":{\"@id\":\"https:\\\/\\\/www.illuminens.com\\\/en\\\/graphic-design\\\/#breadcrumb\"},\"inLanguage\":\"en-US\",\"potentialAction\":[{\"@type\":\"ReadAction\",\"target\":[\"https:\\\/\\\/www.illuminens.com\\\/en\\\/graphic-design\\\/\"]}]},{\"@type\":\"ImageObject\",\"inLanguage\":\"en-US\",\"@id\":\"https:\\\/\\\/www.illuminens.com\\\/en\\\/graphic-design\\\/#primaryimage\",\"url\":\"https:\\\/\\\/www.illuminens.com\\\/wp-content\\\/uploads\\\/Graphic-Design-Hero-scene.jpg\",\"contentUrl\":\"https:\\\/\\\/www.illuminens.com\\\/wp-content\\\/uploads\\\/Graphic-Design-Hero-scene.jpg\",\"width\":2880,\"height\":1800,\"caption\":\"illuminens | graphic design\"},{\"@type\":\"BreadcrumbList\",\"@id\":\"https:\\\/\\\/www.illuminens.com\\\/en\\\/graphic-design\\\/#breadcrumb\",\"itemListElement\":[{\"@type\":\"ListItem\",\"position\":1,\"name\":\"Accueil\",\"item\":\"https:\\\/\\\/www.illuminens.com\\\/en\\\/\"},{\"@type\":\"ListItem\",\"position\":2,\"name\":\"Graphic Design\"}]},{\"@type\":\"WebSite\",\"@id\":\"https:\\\/\\\/www.illuminens.com\\\/en\\\/#website\",\"url\":\"https:\\\/\\\/www.illuminens.com\\\/en\\\/\",\"name\":\"ILLUMINENS\",\"description\":\"ILLUMINENS est un studio de cr\u00e9ation visuel bas\u00e9 \u00e0 Paris\u00a0| Perspective Architecture | Image Architecture | Architecture Images | Architecture Pictures\",\"publisher\":{\"@id\":\"https:\\\/\\\/www.illuminens.com\\\/en\\\/#organization\"},\"potentialAction\":[{\"@type\":\"SearchAction\",\"target\":{\"@type\":\"EntryPoint\",\"urlTemplate\":\"https:\\\/\\\/www.illuminens.com\\\/en\\\/?s={search_term_string}\"},\"query-input\":{\"@type\":\"PropertyValueSpecification\",\"valueRequired\":true,\"valueName\":\"search_term_string\"}}],\"inLanguage\":\"en-US\"},{\"@type\":\"Organization\",\"@id\":\"https:\\\/\\\/www.illuminens.com\\\/en\\\/#organization\",\"name\":\"ILLUMINENS\",\"url\":\"https:\\\/\\\/www.illuminens.com\\\/en\\\/\",\"logo\":{\"@type\":\"ImageObject\",\"inLanguage\":\"en-US\",\"@id\":\"https:\\\/\\\/www.illuminens.com\\\/en\\\/#\\\/schema\\\/logo\\\/image\\\/\",\"url\":\"https:\\\/\\\/www.illuminens.com\\\/wp-content\\\/uploads\\\/Illuminens-logo-v3.png\",\"contentUrl\":\"https:\\\/\\\/www.illuminens.com\\\/wp-content\\\/uploads\\\/Illuminens-logo-v3.png\",\"width\":330,\"height\":80,\"caption\":\"ILLUMINENS\"},\"image\":{\"@id\":\"https:\\\/\\\/www.illuminens.com\\\/en\\\/#\\\/schema\\\/logo\\\/image\\\/\"},\"sameAs\":[\"https:\\\/\\\/www.facebook.com\\\/illuminens\",\"https:\\\/\\\/www.linkedin.com\\\/in\\\/julienbenezet\\\/\"]}]}<\/script>\n<!-- \/ Yoast SEO plugin. -->","yoast_head_json":{"title":"ILLUMINENS | Graphic Design","description":"Graphic Design : For us, graphic design sits at the intersection of aesthetic exploration and strategic thinking.","robots":{"index":"index","follow":"follow","max-snippet":"max-snippet:-1","max-image-preview":"max-image-preview:large","max-video-preview":"max-video-preview:-1"},"canonical":"https:\/\/www.illuminens.com\/en\/graphic-design\/","og_locale":"en_US","og_type":"article","og_title":"ILLUMINENS | Graphic Design","og_description":"Graphic Design : For us, graphic design sits at the intersection of aesthetic exploration and strategic thinking.","og_url":"https:\/\/www.illuminens.com\/en\/graphic-design\/","og_site_name":"ILLUMINENS","article_publisher":"https:\/\/www.facebook.com\/illuminens","article_modified_time":"2026-04-23T21:03:42+00:00","og_image":[{"width":2880,"height":1800,"url":"https:\/\/www.illuminens.com\/wp-content\/uploads\/Graphic-Design-Hero-scene.jpg","type":"image\/jpeg"}],"twitter_card":"summary_large_image","twitter_misc":{"Est. reading time":"2 minutes"},"schema":{"@context":"https:\/\/schema.org","@graph":[{"@type":"WebPage","@id":"https:\/\/www.illuminens.com\/en\/graphic-design\/","url":"https:\/\/www.illuminens.com\/en\/graphic-design\/","name":"ILLUMINENS | Graphic Design","isPartOf":{"@id":"https:\/\/www.illuminens.com\/en\/#website"},"primaryImageOfPage":{"@id":"https:\/\/www.illuminens.com\/en\/graphic-design\/#primaryimage"},"image":{"@id":"https:\/\/www.illuminens.com\/en\/graphic-design\/#primaryimage"},"thumbnailUrl":"https:\/\/www.illuminens.com\/wp-content\/uploads\/Graphic-Design-Hero-scene.jpg","datePublished":"2017-01-24T18:55:13+00:00","dateModified":"2026-04-23T21:03:42+00:00","description":"Graphic Design : For us, graphic design sits at the intersection of aesthetic exploration and strategic thinking.","breadcrumb":{"@id":"https:\/\/www.illuminens.com\/en\/graphic-design\/#breadcrumb"},"inLanguage":"en-US","potentialAction":[{"@type":"ReadAction","target":["https:\/\/www.illuminens.com\/en\/graphic-design\/"]}]},{"@type":"ImageObject","inLanguage":"en-US","@id":"https:\/\/www.illuminens.com\/en\/graphic-design\/#primaryimage","url":"https:\/\/www.illuminens.com\/wp-content\/uploads\/Graphic-Design-Hero-scene.jpg","contentUrl":"https:\/\/www.illuminens.com\/wp-content\/uploads\/Graphic-Design-Hero-scene.jpg","width":2880,"height":1800,"caption":"illuminens | graphic design"},{"@type":"BreadcrumbList","@id":"https:\/\/www.illuminens.com\/en\/graphic-design\/#breadcrumb","itemListElement":[{"@type":"ListItem","position":1,"name":"Accueil","item":"https:\/\/www.illuminens.com\/en\/"},{"@type":"ListItem","position":2,"name":"Graphic Design"}]},{"@type":"WebSite","@id":"https:\/\/www.illuminens.com\/en\/#website","url":"https:\/\/www.illuminens.com\/en\/","name":"ILLUMINENS","description":"ILLUMINENS est un studio de cr\u00e9ation visuel bas\u00e9 \u00e0 Paris\u00a0| Perspective Architecture | Image Architecture | Architecture Images | Architecture Pictures","publisher":{"@id":"https:\/\/www.illuminens.com\/en\/#organization"},"potentialAction":[{"@type":"SearchAction","target":{"@type":"EntryPoint","urlTemplate":"https:\/\/www.illuminens.com\/en\/?s={search_term_string}"},"query-input":{"@type":"PropertyValueSpecification","valueRequired":true,"valueName":"search_term_string"}}],"inLanguage":"en-US"},{"@type":"Organization","@id":"https:\/\/www.illuminens.com\/en\/#organization","name":"ILLUMINENS","url":"https:\/\/www.illuminens.com\/en\/","logo":{"@type":"ImageObject","inLanguage":"en-US","@id":"https:\/\/www.illuminens.com\/en\/#\/schema\/logo\/image\/","url":"https:\/\/www.illuminens.com\/wp-content\/uploads\/Illuminens-logo-v3.png","contentUrl":"https:\/\/www.illuminens.com\/wp-content\/uploads\/Illuminens-logo-v3.png","width":330,"height":80,"caption":"ILLUMINENS"},"image":{"@id":"https:\/\/www.illuminens.com\/en\/#\/schema\/logo\/image\/"},"sameAs":["https:\/\/www.facebook.com\/illuminens","https:\/\/www.linkedin.com\/in\/julienbenezet\/"]}]}},"_links":{"self":[{"href":"https:\/\/www.illuminens.com\/en\/wp-json\/wp\/v2\/pages\/4707","targetHints":{"allow":["GET"]}}],"collection":[{"href":"https:\/\/www.illuminens.com\/en\/wp-json\/wp\/v2\/pages"}],"about":[{"href":"https:\/\/www.illuminens.com\/en\/wp-json\/wp\/v2\/types\/page"}],"author":[{"embeddable":true,"href":"https:\/\/www.illuminens.com\/en\/wp-json\/wp\/v2\/users\/4"}],"replies":[{"embeddable":true,"href":"https:\/\/www.illuminens.com\/en\/wp-json\/wp\/v2\/comments?post=4707"}],"version-history":[{"count":5,"href":"https:\/\/www.illuminens.com\/en\/wp-json\/wp\/v2\/pages\/4707\/revisions"}],"predecessor-version":[{"id":10198,"href":"https:\/\/www.illuminens.com\/en\/wp-json\/wp\/v2\/pages\/4707\/revisions\/10198"}],"wp:featuredmedia":[{"embeddable":true,"href":"https:\/\/www.illuminens.com\/en\/wp-json\/wp\/v2\/media\/4532"}],"wp:attachment":[{"href":"https:\/\/www.illuminens.com\/en\/wp-json\/wp\/v2\/media?parent=4707"}],"curies":[{"name":"wp","href":"https:\/\/api.w.org\/{rel}","templated":true}]}}